{"id":542,"date":"2019-07-13T10:22:00","date_gmt":"2019-07-13T07:22:00","guid":{"rendered":"http:\/\/www.muurasjarvi.fi\/maalaismaraton\/?page_id=542"},"modified":"2019-07-13T10:22:00","modified_gmt":"2019-07-13T07:22:00","slug":"tulokset-2018","status":"publish","type":"page","link":"https:\/\/www.muurasjarvi.fi\/maalaismaraton\/tulokset-2018\/","title":{"rendered":"Tulokset 2018"},"content":{"rendered":"\n<p><strong>Maraton M<\/strong><\/p>\n\n\n\n<p>Sija Numero Nimi Seura Aika<\/p>\n\n\n\n<p>1. 4. Mikko Peltoniemi Haapaj\u00e4rvi 3.50.15<\/p>\n\n\n\n<p>2. 1. Sami J\u00e4\u00e4linna Espoo 4.01.57<\/p>\n\n\n\n<p>3. 3. Kimmo L\u00e4hteinen Sapu 4.45.54<\/p>\n\n\n\n<p>4. 5. Alpo Vornanen Kiuruveden Urheilijat 5.48.13<\/p>\n\n\n\n<p><strong>Maraton N45<\/strong><\/p>\n\n\n\n<p>Sija Numero Nimi Seura Aika<\/p>\n\n\n\n<p>1. 41. Miia Hannunen Tornio 4.57.40<\/p>\n\n\n\n<p><strong>Maraton M45<\/strong><\/p>\n\n\n\n<p>Sija Numero Nimi Seura Aika<\/p>\n\n\n\n<p>1. 11. Martti M\u00e4kel\u00e4 Muurasj\u00e4rven Murto 3.49.47<\/p>\n\n\n\n<p>2. 14. Mauri V\u00e4lim\u00e4ki 4.11.08<\/p>\n\n\n\n<p>3. 12. Antti V\u00e4is\u00e4nen Sotkamo 4.38.24<\/p>\n\n\n\n<p>4. 13. Tapani Sch\u00f6ning H\u00e4jyt 5.32.05<\/p>\n\n\n\n<p><strong>Maraton M55<\/strong><\/p>\n\n\n\n<p>Sija Numero Nimi Seura Aika<\/p>\n\n\n\n<p>1. 25. Ismo Paukku Vihtavuoren Pamaus 3.35.16<\/p>\n\n\n\n<p>2. 27. Olavi Kuja-Lipasti H\u00e4jyt 3.54.48<\/p>\n\n\n\n<p>3. 24. Seppo Komulainen Sukeva 4.04.12<\/p>\n\n\n\n<p>4. 21. Antti R\u00e4is\u00e4nen H\u00e4jyt\/100mc.fi 4.05.37<\/p>\n\n\n\n<p>5. 23. Heikki Kivel\u00e4 K\u00e4lvi\u00e4n Tarmo\/100mc.fi 4.34.12<\/p>\n\n\n\n<p>6. 22. Olavi V\u00e4h\u00e4m\u00e4ki Laihia 4.57.12<\/p>\n\n\n\n<p>7. 200. V\u00e4in\u00f6 Lappalainen Iisalmen Visa 5.48.13<\/p>\n\n\n\n<p><strong>1\/2 Maraton N<\/strong><\/p>\n\n\n\n<p>Sija Numero Nimi Seura Aika<\/p>\n\n\n\n<p>1. 127. Kaisa Tiainen 1.57.43<\/p>\n\n\n\n<p>2. 125. Kirsi Turunen Saanin Sammakko 2.01.07<\/p>\n\n\n\n<p>3. 129. Wilma Heikkinen Muurasj\u00e4rven Murto 2.07.11<\/p>\n\n\n\n<p>4. 123. Anni Toivonen Muurasj\u00e4rven Murto 2.17.31<\/p>\n\n\n\n<p>5. 126. Emma Timlin Ylivieska 2.19.07<\/p>\n\n\n\n<p>6. 131. Katariina &nbsp;Soiluaho-Hiironen 2.24.01<\/p>\n\n\n\n<p>7. 121. Minna-Maaria Mattola Alvaj\u00e4rvi 2.24.46<\/p>\n\n\n\n<p>8. 122. Jenna Kallatsa Pihtiputaan Tuisku 2.26.56<\/p>\n\n\n\n<p>9. 130. Heini K\u00e4hk\u00f6nen Nastola 2.35.17<\/p>\n\n\n\n<p>10. 128. Satu Pekkarinen Kinnula 2.37.26<\/p>\n\n\n\n<p>11. 124. Sanna Laurio Leidifudis Pet\u00e4j\u00e4vesi 2.54.45<\/p>\n\n\n\n<p><strong>1\/2 Maraton M<\/strong><\/p>\n\n\n\n<p>Sija Numero Nimi Seura Aika<\/p>\n\n\n\n<p>1. 61. Harri Lamminsivu Vaajakosken Kuohu 1.26.22<\/p>\n\n\n\n<p>2. 68. Markus Mattola Kuopion Reipas 1.27.11<\/p>\n\n\n\n<p>3. 62. Janne Uusitalo Pihtiputaan Tuisku 1.36.14<\/p>\n\n\n\n<p>4. 63. Antti Turunen Saanin Sammakko 1.45.53<\/p>\n\n\n\n<p>5. 64. Jarkko Junnila K\u00e4lvi\u00e4 1.51.40<\/p>\n\n\n\n<p>6. 52. Anssi Kuha Pihtipudas 1.55.26<\/p>\n\n\n\n<p>7. 67. Ville Laurio Pet\u00e4j\u00e4vesi 1.57.46<\/p>\n\n\n\n<p>8. 73. Kalle Koskenranta 2.04.08<\/p>\n\n\n\n<p>9. 69. Pasi Haukipuro 2.06.25<\/p>\n\n\n\n<p>10. 70. Jari \u00c4n\u00e4kk\u00e4l\u00e4 2.06.26<\/p>\n\n\n\n<p>11. 60. Kalle Siekkinen Pihtiputaan Tuisku 2.09.26<\/p>\n\n\n\n<p>12. 53. Heikki Turpeinen 2.12.21<\/p>\n\n\n\n<p>13. 74. Joona Korpela 2.16.16<\/p>\n\n\n\n<p>14. 75. Matias Turpeinen Muurasj\u00e4rven Murto 2.16.23<\/p>\n\n\n\n<p>15. 66. Olli Timlin Ylivieska 2.19.07<\/p>\n\n\n\n<p>16. 65. Jukka Timlin Ylivieska 2.19.07<\/p>\n\n\n\n<p>17. 57. Matti Kinnunen Pihtipudas 2.21.06<\/p>\n\n\n\n<p>18. 71. Lasse Liukko 2.21.28<\/p>\n\n\n\n<p>19. 59. Marko Toivonen Murto 2.21.40<\/p>\n\n\n\n<p>20. 58. Matti Humaljoki M\u00f6tt\u00f6nen 2.25.46<\/p>\n\n\n\n<p>21. 72. Eetu Myllyl\u00e4 2.29.13<\/p>\n\n\n\n<p>22. 55. Lauri Mielityinen Murto 2.30.25<\/p>\n\n\n\n<p>23. 56. Oskari Pievil\u00e4inen Tupos 2.30.25<\/p>\n\n\n\n<p>24. 51. Juho Ronkainen Kuolio Visa 2.31.33<\/p>\n\n\n\n<p><strong>1\/2 Maraton N45<\/strong><\/p>\n\n\n\n<p>Sija Numero Nimi Seura Aika<\/p>\n\n\n\n<p>1. 153. Marianne Kauppinen Reisj\u00e4rven Pilke 2.00.44<\/p>\n\n\n\n<p>2. 151. Paula Kallatsa Pihtiputaan Tuisku 2.31.14<\/p>\n\n\n\n<p>3. 152. Erja Paltamaa Leidifudis Pet\u00e4j\u00e4vesi 2.54.46<\/p>\n\n\n\n<p><strong>1\/2 Maraton M45<\/strong><\/p>\n\n\n\n<p>Sija Numero Nimi Seura Aika<\/p>\n\n\n\n<p>1. 84. Veli-Matti T\u00f6lli Nivala 1.43.27<\/p>\n\n\n\n<p>2. 85. Kimmo Kokkonen K\u00e4lvi\u00e4 1.55.00<\/p>\n\n\n\n<p>3. 81. Hannu Aho Pihtipudas 2.02.00<\/p>\n\n\n\n<p>4. 83. Kai Paltamaa ProAgria Keski-Suomi 2.54.54<\/p>\n\n\n\n<p><strong>1\/2 Maraton N55<\/strong><\/p>\n\n\n\n<p>Sija Numero Nimi Seura Aika<\/p>\n\n\n\n<p>1. 177. Riitta Korhonen 2.01.43<\/p>\n\n\n\n<p>2. 176. Ritva Bj\u00f6rkbacka Toholammin Urheilijat 2.14.53<\/p>\n\n\n\n<p><strong>1\/2 Maraton M55<\/strong><\/p>\n\n\n\n<p>Sija Numero Nimi Seura Aika<\/p>\n\n\n\n<p>1. 105. Ossi Manninen M\u00e4ntylahden Veto 1.38.40<\/p>\n\n\n\n<p>2. 108. Mikko Koskela H\u00e4jyt 1.49.51<\/p>\n\n\n\n<p>3. 103. Jukka Turpeinen Muurasj\u00e4rven Murto 1.51.42<\/p>\n\n\n\n<p>4. 106. Janne Rautio 2.04.53<\/p>\n\n\n\n<p>5. &nbsp; 104. Hannu Keskisarja Lakeuden Kipin\u00e4 2.07.03<\/p>\n\n\n\n<p>6. 102. Pekka Bj\u00f6rkbacka Toholammin Urheilijat 2.14.53<\/p>\n\n\n\n<p>7. 101. Vesa Walamies Saarij\u00e4rven Pullistus 2.16.00<\/p>\n\n\n\n<p>8. 107. Otto Skantz Muurasj\u00e4rven Murto 2.23.52<\/p>\n\n\n\n<p><strong>H\u00f6lkk\u00e4 7km<\/strong><\/p>\n\n\n\n<p>Sija Numero Nimi Seura Aika<\/p>\n\n\n\n<p>1. 224. Vesa Leskel\u00e4 Haapaj\u00e4rvi 26.18<\/p>\n\n\n\n<p>2. 221. Touko Kauppinen Reisj\u00e4rven Pilke 26.21<\/p>\n\n\n\n<p>3. 226. Jussi Raappana Haapaj\u00e4rven Kiilat 27.06<\/p>\n\n\n\n<p>4. 211. Markus Saaranen Viitasaaren Viesti 27.17<\/p>\n\n\n\n<p>5. 234. Teemu Lepp\u00e4l\u00e4 Reisj\u00e4rven Pilke 29.19<\/p>\n\n\n\n<p>6. 222. Eemil Parkkila Reisj\u00e4rvi 29.32<\/p>\n\n\n\n<p>7. 248. Pasi J\u00e4ms\u00e4 Haapaj\u00e4rvi 29.42<\/p>\n\n\n\n<p>8. 239. Risto J\u00e4\u00e4skel\u00e4inen Haapaj\u00e4rvi 29.53<\/p>\n\n\n\n<p>9. 231. Urpo Heikkinen 30.29<\/p>\n\n\n\n<p>10. 233. Piia Lepp\u00e4l\u00e4 30.43<\/p>\n\n\n\n<p>11. 228. Tuomas Jaakonaho Haapaj\u00e4rven Kiilat 30.53<\/p>\n\n\n\n<p>12. 235. Peppi Lepp\u00e4l\u00e4 Reisj\u00e4rven Pilke 31.53<\/p>\n\n\n\n<p>13. 212. Heidi Pennanen Kiuruveden Urheilijat 32.15<\/p>\n\n\n\n<p>14. 253. Johanna Uusivirta Nis 33.10<\/p>\n\n\n\n<p>14. 254. Heikki Uusivirta Nis 33.10<\/p>\n\n\n\n<p>16. 244. Iida Viitala 35.32<\/p>\n\n\n\n<p>17. 238. Meea Haikara Reisj\u00e4rven Pilke 35.42<\/p>\n\n\n\n<p>18. 249. Nevanper\u00e4 Elisa Nivalan Kaupunki 35.46<\/p>\n\n\n\n<p>19. 232. Markku Karhu Suolahden Urho 36.02<\/p>\n\n\n\n<p>20. 250. Vesa Nevanper\u00e4 Nivala 36.03<\/p>\n\n\n\n<p>21. 219. Tiia J\u00e4msen Muurasj\u00e4rven Murto 36.32<\/p>\n\n\n\n<p>22. 217. Petri Mattola M\u00f6lnbo 37.03<\/p>\n\n\n\n<p>23. 236. Urpo Nykyri Ronkan Koukistajat 38.30<\/p>\n\n\n\n<p>24. 242. Tanja Skantz Mama&#8217;s &amp; Papas 39.28<\/p>\n\n\n\n<p>24. 243. Markus Jetsonen Mama&#8217;s &amp; Papas 39.28<\/p>\n\n\n\n<p>26. 229. Miia Tavasti Liminka 41.02<\/p>\n\n\n\n<p>27. 210. Arja Varis Team Varis 41.13<\/p>\n\n\n\n<p>28. 206. Pujo K\u00e4hk\u00f6nen Nastola 41.24<\/p>\n\n\n\n<p>29. 230. Mika Halla-Aho 41.32<\/p>\n\n\n\n<p>30. 218. Jasmiina Huuskonen Reisj\u00e4rven Pilke 41.45<\/p>\n\n\n\n<p>31. 256. Joni Nyman Reisj\u00e4rven Voima 42.01<\/p>\n\n\n\n<p>32. 213. Johanna Auer Helsingin Yliopisto 42.12<\/p>\n\n\n\n<p>33. 237. Jouni Leino Muurasj\u00e4rven Murto 42.17<\/p>\n\n\n\n<p>34. 204. Juuso Kolehmainen Muurasj\u00e4rven Murto 42.22<\/p>\n\n\n\n<p>35. 255. Konsta M\u00e4kel\u00e4 Muurasj\u00e4rven Murto 42.31<\/p>\n\n\n\n<p>36. 252. Miia Tuikka 43.43<\/p>\n\n\n\n<p>37. 220. Jaana Hypp\u00f6nen 44.29<\/p>\n\n\n\n<p>38. 205. Piisku K\u00e4hk\u00f6nen Nastola 47.47<\/p>\n\n\n\n<p>39. 202. Aleksi Rouhiainen Valkeala 48.05<\/p>\n\n\n\n<p>40. 203. Eemil Rouhiainen Valkeala 48.08<\/p>\n\n\n\n<p>41. 216. Sari Korpela Untisper\u00e4n Urhot 48.31<\/p>\n\n\n\n<p>42. 246. Antti Alila Shell Putaanportti 48.32<\/p>\n\n\n\n<p>42. 247. Ada Alila Shell Putaanportti 48.32<\/p>\n\n\n\n<p>42. 245. Seija Alila Shell Putaanportti 48.32<\/p>\n\n\n\n<p>45. 207. Pessi K\u00e4hk\u00f6nen Nastola 52.17<\/p>\n\n\n\n<p>45. 201. Jenny Rouhianen Valkeala 52.17<\/p>\n\n\n\n<p>46. 251. Henna Kallinen 54.31<\/p>\n\n\n\n<p>47. 214. Jaana K\u00e4lk\u00e4j\u00e4 55.22<\/p>\n\n\n\n<p>48. 215. Riitta Aho 55.23<\/p>\n\n\n\n<p>49. 208. Nina Haapa-aho Muurasj\u00e4rven Murto 1.02.46<\/p>\n\n\n\n<p>50. 257. Tuula Tiainen 1.02.49<\/p>\n\n\n\n<p>51. 223. Riitta H\u00f6ykinpuro Muurasj\u00e4rven Murto 1.02.51<\/p>\n\n\n\n<p>52. 240. Heini Kemppainen Mama&#8217;s &amp; Papas 1.05.15<\/p>\n\n\n\n<p>53. 241. Tero Kemppainen Mama&#8217;s &amp; Papas 1.05.17<\/p>\n\n\n\n<p>54. 209. Anna-Maija Paananen Pihtipudas 1.20.27<\/p>\n\n\n\n<p>54. 225. Maija-Liisa Turpeinen Tuulenpes\u00e4n Tykki 1.20.27<\/p>\n\n\n\n<p>54. 227. Terttu Paananen 1.20.27<\/p>\n","protected":false},"excerpt":{"rendered":"<p>Maraton M Sija Numero Nimi Seura Aika 1. 4. Mikko Peltoniemi Haapaj\u00e4rvi 3.50.15 2. 1. Sami J\u00e4\u00e4linna Espoo 4.01.57 3. 3. Kimmo L\u00e4hteinen Sapu 4.45.54 4. 5. Alpo Vornanen Kiuruveden Urheilijat 5.48.13 Maraton N45 Sija Numero Nimi Seura Aika 1. 41. Miia Hannunen Tornio 4.57.40 Maraton M45 Sija Numero Nimi Seura Aika 1. 11. Martti [&hellip;]<\/p>\n","protected":false},"author":1,"featured_media":0,"parent":0,"menu_order":0,"comment_status":"closed","ping_status":"closed","template":"","meta":{"_et_pb_use_builder":"","_et_pb_old_content":"","_et_gb_content_width":"","ngg_post_thumbnail":0,"footnotes":""},"_links":{"self":[{"href":"https:\/\/www.muurasjarvi.fi\/maalaismaraton\/wp-json\/wp\/v2\/pages\/542"}],"collection":[{"href":"https:\/\/www.muurasjarvi.fi\/maalaismaraton\/wp-json\/wp\/v2\/pages"}],"about":[{"href":"https:\/\/www.muurasjarvi.fi\/maalaismaraton\/wp-json\/wp\/v2\/types\/page"}],"author":[{"embeddable":true,"href":"https:\/\/www.muurasjarvi.fi\/maalaismaraton\/wp-json\/wp\/v2\/users\/1"}],"replies":[{"embeddable":true,"href":"https:\/\/www.muurasjarvi.fi\/maalaismaraton\/wp-json\/wp\/v2\/comments?post=542"}],"version-history":[{"count":1,"href":"https:\/\/www.muurasjarvi.fi\/maalaismaraton\/wp-json\/wp\/v2\/pages\/542\/revisions"}],"predecessor-version":[{"id":543,"href":"https:\/\/www.muurasjarvi.fi\/maalaismaraton\/wp-json\/wp\/v2\/pages\/542\/revisions\/543"}],"wp:attachment":[{"href":"https:\/\/www.muurasjarvi.fi\/maalaismaraton\/wp-json\/wp\/v2\/media?parent=542"}],"curies":[{"name":"wp","href":"https:\/\/api.w.org\/{rel}","templated":true}]}}