{"id":592,"date":"2020-09-10T21:11:05","date_gmt":"2020-09-10T18:11:05","guid":{"rendered":"https:\/\/www.muurasjarvi.fi\/maalaismaraton\/?page_id=592"},"modified":"2020-09-10T21:51:14","modified_gmt":"2020-09-10T18:51:14","slug":"muurasjarven-maalaismaraton","status":"publish","type":"page","link":"https:\/\/www.muurasjarvi.fi\/maalaismaraton\/","title":{"rendered":"Muurasj\u00e4rven maalaismaraton"},"content":{"rendered":"<p>[et_pb_section fb_built=&#8221;1&#8243; fullwidth=&#8221;on&#8221; _builder_version=&#8221;4.6.1&#8243; _module_preset=&#8221;default&#8221;][et_pb_fullwidth_slider _builder_version=&#8221;4.6.1&#8243; _module_preset=&#8221;default&#8221; header_font=&#8221;Raleway|800|||||||&#8221; body_font_size=&#8221;20px&#8221; background_image=&#8221;https:\/\/www.muurasjarvi.fi\/maalaismaraton\/files\/2019\/07\/DJI_0032.jpeg&#8221;][et_pb_slide heading=&#8221;MUURASJ\u00c4RVEN MAALAISMARATON&#8221; _builder_version=&#8221;4.6.1&#8243; _module_preset=&#8221;default&#8221; background_image=&#8221;https:\/\/www.muurasjarvi.fi\/maalaismaraton\/files\/2019\/07\/DJI_0032.jpeg&#8221; background_enable_image=&#8221;on&#8221; sticky_transition=&#8221;on&#8221;]<\/p>\n<p>Ainutlaatuinen maraton juostaan maalaismaisemissa Keski-Suomen vuoden 2012 kyl\u00e4ll\u00e4. Reitin varrella perinnemaisemia, laiduntavia el\u00e4imi\u00e4 sek\u00e4 aitoa maalaismeininki\u00e4.<\/p>\n<p>[\/et_pb_slide][\/et_pb_fullwidth_slider][\/et_pb_section][et_pb_section fb_built=&#8221;1&#8243; fullwidth=&#8221;on&#8221; _builder_version=&#8221;4.6.1&#8243; _module_preset=&#8221;default&#8221;][et_pb_fullwidth_header title=&#8221;Ajankohtaisia uutisia ja tapahtumia&#8221; _builder_version=&#8221;4.6.1&#8243; _module_preset=&#8221;default&#8221; custom_padding=&#8221;18px||9px|||&#8221;][\/et_pb_fullwidth_header][\/et_pb_section][et_pb_section fb_built=&#8221;1&#8243; _builder_version=&#8221;4.6.1&#8243; _module_preset=&#8221;default&#8221; custom_padding=&#8221;13px|||||&#8221;][et_pb_row _builder_version=&#8221;4.6.1&#8243; _module_preset=&#8221;default&#8221;][et_pb_column type=&#8221;4_4&#8243; _builder_version=&#8221;4.6.1&#8243; _module_preset=&#8221;default&#8221;][et_pb_blog_extras include_categories=&#8221;1&#8243; blog_layout=&#8221;block_extended&#8221; use_read_more_button=&#8221;on&#8221; _builder_version=&#8221;4.6.1&#8243; _module_preset=&#8221;default&#8221; custom_read_more=&#8221;on&#8221; read_more_text_color=&#8221;#ffffff&#8221; read_more_bg_color=&#8221;#7ebec5&#8243; hover_enabled=&#8221;0&#8243; read_more_text=&#8221;Lue lis\u00e4\u00e4&#8221; sticky_enabled=&#8221;0&#8243; read_more_text_size=&#8221;16px&#8221; read_more_border_radius=&#8221;20px&#8221; read_more_border_color=&#8221;#f7f7f7&#8243;][\/et_pb_blog_extras][\/et_pb_column][\/et_pb_row][\/et_pb_section]<\/p>\n","protected":false},"excerpt":{"rendered":"<p>Ainutlaatuinen maraton juostaan maalaismaisemissa Keski-Suomen vuoden 2012 kyl\u00e4ll\u00e4. Reitin varrella perinnemaisemia, laiduntavia el\u00e4imi\u00e4 sek\u00e4 aitoa maalaismeininki\u00e4.<\/p>\n","protected":false},"author":1,"featured_media":114,"parent":0,"menu_order":0,"comment_status":"closed","ping_status":"closed","template":"","meta":{"_et_pb_use_builder":"on","_et_pb_old_content":"","_et_gb_content_width":"","ngg_post_thumbnail":0,"footnotes":""},"_links":{"self":[{"href":"https:\/\/www.muurasjarvi.fi\/maalaismaraton\/wp-json\/wp\/v2\/pages\/592"}],"collection":[{"href":"https:\/\/www.muurasjarvi.fi\/maalaismaraton\/wp-json\/wp\/v2\/pages"}],"about":[{"href":"https:\/\/www.muurasjarvi.fi\/maalaismaraton\/wp-json\/wp\/v2\/types\/page"}],"author":[{"embeddable":true,"href":"https:\/\/www.muurasjarvi.fi\/maalaismaraton\/wp-json\/wp\/v2\/users\/1"}],"replies":[{"embeddable":true,"href":"https:\/\/www.muurasjarvi.fi\/maalaismaraton\/wp-json\/wp\/v2\/comments?post=592"}],"version-history":[{"count":13,"href":"https:\/\/www.muurasjarvi.fi\/maalaismaraton\/wp-json\/wp\/v2\/pages\/592\/revisions"}],"predecessor-version":[{"id":620,"href":"https:\/\/www.muurasjarvi.fi\/maalaismaraton\/wp-json\/wp\/v2\/pages\/592\/revisions\/620"}],"wp:featuredmedia":[{"embeddable":true,"href":"https:\/\/www.muurasjarvi.fi\/maalaismaraton\/wp-json\/wp\/v2\/media\/114"}],"wp:attachment":[{"href":"https:\/\/www.muurasjarvi.fi\/maalaismaraton\/wp-json\/wp\/v2\/media?parent=592"}],"curies":[{"name":"wp","href":"https:\/\/api.w.org\/{rel}","templated":true}]}}