{"id":18,"date":"2017-03-16T12:12:30","date_gmt":"2017-03-16T10:12:30","guid":{"rendered":"http:\/\/www.muurasjarvi.fi\/murto\/?page_id=18"},"modified":"2021-02-24T12:55:58","modified_gmt":"2021-02-24T10:55:58","slug":"yhteystiedot","status":"publish","type":"page","link":"https:\/\/www.muurasjarvi.fi\/murto\/yhteystiedot\/","title":{"rendered":"Yhteystiedot"},"content":{"rendered":"<p>[et_pb_section fb_built=&#8221;1&#8243; admin_label=&#8221;section&#8221; _builder_version=&#8221;3.22&#8243; hover_enabled=&#8221;0&#8243; sticky_enabled=&#8221;0&#8243;][et_pb_row admin_label=&#8221;row&#8221; _builder_version=&#8221;3.25&#8243; background_size=&#8221;initial&#8221; background_position=&#8221;top_left&#8221; background_repeat=&#8221;repeat&#8221;][et_pb_column type=&#8221;4_4&#8243; _builder_version=&#8221;3.25&#8243; custom_padding=&#8221;|||&#8221; custom_padding__hover=&#8221;|||&#8221;][et_pb_text admin_label=&#8221;Text&#8221; _builder_version=&#8221;4.6.1&#8243; background_size=&#8221;initial&#8221; background_position=&#8221;top_left&#8221; background_repeat=&#8221;repeat&#8221; hover_enabled=&#8221;0&#8243; text_font_size=&#8221;16px&#8221; text_text_color=&#8221;#000000&#8243; sticky_enabled=&#8221;0&#8243;]<\/p>\n<ul>\n<li>Puheenjohtaja Jukka Turpeinen<\/li>\n<li>Sihteeri Paula Orava<\/li>\n<li>Rahastonhoitaja Eve J\u00e4msen<\/li>\n<\/ul>\n<p><strong>Jaostojen puheenjohtajat<\/strong><\/p>\n<ul>\n<li>Yleisurheilujaosto Taru Lyytinen<\/li>\n<li>Kunto- ja palloilujaosto Teppo J\u00e4msen<\/li>\n<li>Hiihtojaosto Markku M\u00e4kel\u00e4<\/li>\n<\/ul>\n<p>[\/et_pb_text][\/et_pb_column][\/et_pb_row][\/et_pb_section]<\/p>\n","protected":false},"excerpt":{"rendered":"<p>Puheenjohtaja Jukka Turpeinen Sihteeri Paula Orava Rahastonhoitaja Eve J\u00e4msen Jaostojen puheenjohtajat Yleisurheilujaosto Taru Lyytinen Kunto- ja palloilujaosto Teppo J\u00e4msen Hiihtojaosto Markku M\u00e4kel\u00e4<\/p>\n","protected":false},"author":1,"featured_media":0,"parent":0,"menu_order":0,"comment_status":"closed","ping_status":"closed","template":"","meta":{"_et_pb_use_builder":"on","_et_pb_old_content":"<ul>\r\n \t<li>Puheenjohtaja Jukka Turpeinen<\/li>\r\n \t<li>Sihteeri Paula Orava<\/li>\r\n \t<li>Rahastonhoitaja Eve J\u00e4msen<\/li>\r\n<\/ul>\r\nJaostojen puheenjohtajat:\r\n<ul>\r\n \t<li>Yleisurheilujaosto Taru Lyytinen<\/li>\r\n \t<li>Kunto- ja palloilujaosto Teppo J\u00e4msen<\/li>\r\n \t<li>Hiihtojaosto Markku M\u00e4kel\u00e4<\/li>\r\n<\/ul>","_et_gb_content_width":"","ngg_post_thumbnail":0,"footnotes":""},"_links":{"self":[{"href":"https:\/\/www.muurasjarvi.fi\/murto\/wp-json\/wp\/v2\/pages\/18"}],"collection":[{"href":"https:\/\/www.muurasjarvi.fi\/murto\/wp-json\/wp\/v2\/pages"}],"about":[{"href":"https:\/\/www.muurasjarvi.fi\/murto\/wp-json\/wp\/v2\/types\/page"}],"author":[{"embeddable":true,"href":"https:\/\/www.muurasjarvi.fi\/murto\/wp-json\/wp\/v2\/users\/1"}],"replies":[{"embeddable":true,"href":"https:\/\/www.muurasjarvi.fi\/murto\/wp-json\/wp\/v2\/comments?post=18"}],"version-history":[{"count":3,"href":"https:\/\/www.muurasjarvi.fi\/murto\/wp-json\/wp\/v2\/pages\/18\/revisions"}],"predecessor-version":[{"id":121,"href":"https:\/\/www.muurasjarvi.fi\/murto\/wp-json\/wp\/v2\/pages\/18\/revisions\/121"}],"wp:attachment":[{"href":"https:\/\/www.muurasjarvi.fi\/murto\/wp-json\/wp\/v2\/media?parent=18"}],"curies":[{"name":"wp","href":"https:\/\/api.w.org\/{rel}","templated":true}]}}