{"id":20,"date":"2017-03-16T12:12:48","date_gmt":"2017-03-16T10:12:48","guid":{"rendered":"http:\/\/www.muurasjarvi.fi\/murto\/?page_id=20"},"modified":"2018-01-27T10:42:43","modified_gmt":"2018-01-27T08:42:43","slug":"liity-jaseneksi","status":"publish","type":"page","link":"https:\/\/www.muurasjarvi.fi\/murto\/liity-jaseneksi\/","title":{"rendered":"Liity j\u00e4seneksi"},"content":{"rendered":"<p>Mainiot j\u00e4senedut<\/p>\n<ul>\n<li>Kuntosalin vapaa k\u00e4ytt\u00f6<\/li>\n<li>Vaellus- ja patikointiretki\u00e4<\/li>\n<li>Yll\u00e4pidetty latuverkosto ja hiihtoharjoitukset<\/li>\n<li>Frisbeegolf-rata<\/li>\n<li>Yleisurheilukerhot lapsille kes\u00e4isin<\/li>\n<li>Juoksutapahtumia<\/li>\n<\/ul>\n<p>J\u00e4senmaksu 20\u20ac\/vuosi 1. perheenj\u00e4sen, 2\u20ac\/kpl muut perheenj\u00e4senet<\/p>\n<p>Tilinumero: FI57 5345 0820 0309 66<\/p>\n<p><strong><span style=\"text-decoration: underline;\">Liity j\u00e4seneksi<\/span><\/strong><\/p>\n\n<div class=\"wpcf7 no-js\" id=\"wpcf7-f32-o1\" lang=\"fi\" dir=\"ltr\">\n<div class=\"screen-reader-response\"><p role=\"status\" aria-live=\"polite\" aria-atomic=\"true\"><\/p> <ul><\/ul><\/div>\n<form action=\"\/murto\/wp-json\/wp\/v2\/pages\/20#wpcf7-f32-o1\" method=\"post\" class=\"wpcf7-form init\" aria-label=\"Yhteydenottolomake\" novalidate=\"novalidate\" data-status=\"init\">\n<div style=\"display: none;\">\n<input type=\"hidden\" name=\"_wpcf7\" value=\"32\" \/>\n<input type=\"hidden\" name=\"_wpcf7_version\" value=\"5.9.6\" \/>\n<input type=\"hidden\" name=\"_wpcf7_locale\" value=\"fi\" \/>\n<input type=\"hidden\" name=\"_wpcf7_unit_tag\" value=\"wpcf7-f32-o1\" \/>\n<input type=\"hidden\" name=\"_wpcf7_container_post\" value=\"0\" \/>\n<input type=\"hidden\" name=\"_wpcf7_posted_data_hash\" value=\"\" \/>\n<\/div>\n<p><label> Nimi (pakollinen)<br \/>\n<span class=\"wpcf7-form-control-wrap\" data-name=\"Nimi\"><input size=\"40\" maxlength=\"80\" class=\"wpcf7-form-control wpcf7-text wpcf7-validates-as-required\" aria-required=\"true\" aria-invalid=\"false\" value=\"\" type=\"text\" name=\"Nimi\" \/><\/span> <\/label>\n<\/p>\n<p><label> Osoite (pakollinen)<br \/>\n<span class=\"wpcf7-form-control-wrap\" data-name=\"Osoite\"><input size=\"40\" maxlength=\"80\" class=\"wpcf7-form-control wpcf7-text wpcf7-validates-as-required\" aria-required=\"true\" aria-invalid=\"false\" value=\"\" type=\"text\" name=\"Osoite\" \/><\/span> <\/label>\n<\/p>\n<p><label> Puhelinnumero (pakollinen)<br \/>\n<span class=\"wpcf7-form-control-wrap\" data-name=\"Puhelinnumero\"><input size=\"40\" maxlength=\"80\" class=\"wpcf7-form-control wpcf7-text wpcf7-validates-as-required\" aria-required=\"true\" aria-invalid=\"false\" value=\"\" type=\"text\" name=\"Puhelinnumero\" \/><\/span> <\/label>\n<\/p>\n<p><label> S\u00e4hk\u00f6posti (valinnainen)<br \/>\n<span class=\"wpcf7-form-control-wrap\" data-name=\"Sahkoposti\"><input size=\"40\" maxlength=\"80\" class=\"wpcf7-form-control wpcf7-text\" aria-invalid=\"false\" value=\"\" type=\"text\" name=\"Sahkoposti\" \/><\/span> <\/label>\n<\/p>\n<p>[recaptcha size:compact]\n<\/p>\n<p><input class=\"wpcf7-form-control wpcf7-submit has-spinner\" type=\"submit\" value=\"L\u00e4het\u00e4\" \/>\n<\/p><div class=\"wpcf7-response-output\" aria-hidden=\"true\"><\/div>\n<\/form>\n<\/div>\n\n","protected":false},"excerpt":{"rendered":"<p>Mainiot j\u00e4senedut Kuntosalin vapaa k\u00e4ytt\u00f6 Vaellus- ja patikointiretki\u00e4 Yll\u00e4pidetty latuverkosto ja hiihtoharjoitukset Frisbeegolf-rata Yleisurheilukerhot lapsille kes\u00e4isin Juoksutapahtumia J\u00e4senmaksu 20\u20ac\/vuosi 1. perheenj\u00e4sen, 2\u20ac\/kpl muut perheenj\u00e4senet Tilinumero: FI57 5345 0820 0309 66 Liity j\u00e4seneksi<\/p>\n","protected":false},"author":1,"featured_media":0,"parent":0,"menu_order":0,"comment_status":"closed","ping_status":"closed","template":"","meta":{"_et_pb_use_builder":"","_et_pb_old_content":"","_et_gb_content_width":"","ngg_post_thumbnail":0,"footnotes":""},"_links":{"self":[{"href":"https:\/\/www.muurasjarvi.fi\/murto\/wp-json\/wp\/v2\/pages\/20"}],"collection":[{"href":"https:\/\/www.muurasjarvi.fi\/murto\/wp-json\/wp\/v2\/pages"}],"about":[{"href":"https:\/\/www.muurasjarvi.fi\/murto\/wp-json\/wp\/v2\/types\/page"}],"author":[{"embeddable":true,"href":"https:\/\/www.muurasjarvi.fi\/murto\/wp-json\/wp\/v2\/users\/1"}],"replies":[{"embeddable":true,"href":"https:\/\/www.muurasjarvi.fi\/murto\/wp-json\/wp\/v2\/comments?post=20"}],"version-history":[{"count":7,"href":"https:\/\/www.muurasjarvi.fi\/murto\/wp-json\/wp\/v2\/pages\/20\/revisions"}],"predecessor-version":[{"id":74,"href":"https:\/\/www.muurasjarvi.fi\/murto\/wp-json\/wp\/v2\/pages\/20\/revisions\/74"}],"wp:attachment":[{"href":"https:\/\/www.muurasjarvi.fi\/murto\/wp-json\/wp\/v2\/media?parent=20"}],"curies":[{"name":"wp","href":"https:\/\/api.w.org\/{rel}","templated":true}]}}